{"id":43,"date":"2023-10-25T09:10:19","date_gmt":"2023-10-25T12:10:19","guid":{"rendered":"https:\/\/spotlaw.com.br\/?page_id=43"},"modified":"2023-10-25T12:09:10","modified_gmt":"2023-10-25T15:09:10","slug":"home-2","status":"publish","type":"page","link":"https:\/\/spotlaw.com.br\/","title":{"rendered":"Home"},"content":{"rendered":"\t\t<div data-elementor-type=\"wp-page\" data-elementor-id=\"43\" class=\"elementor elementor-43\" data-elementor-post-type=\"page\">\n\t\t\t\t\t\t\t<div class=\"elementor-element elementor-element-3eb4d70 e-con-full e-flex e-con e-parent\" data-id=\"3eb4d70\" data-element_type=\"container\" data-settings=\"{&quot;content_width&quot;:&quot;full&quot;}\" data-core-v316-plus=\"true\">\n\t\t<div class=\"elementor-element elementor-element-a20439f e-con-full elementor-hidden-tablet elementor-hidden-mobile e-flex e-con e-child\" data-id=\"a20439f\" data-element_type=\"container\" data-settings=\"{&quot;content_width&quot;:&quot;full&quot;}\">\n\t\t\t\t<\/div>\n\t\t<div class=\"elementor-element elementor-element-049bbbe e-con-full e-flex e-con e-child\" data-id=\"049bbbe\" data-element_type=\"container\" data-settings=\"{&quot;content_width&quot;:&quot;full&quot;}\">\n\t\t\t\t<div class=\"elementor-element elementor-element-6b5beda elementor-widget__width-inherit elementor-hidden-desktop elementor-widget elementor-widget-image\" data-id=\"6b5beda\" data-element_type=\"widget\" data-widget_type=\"image.default\">\n\t\t\t\t<div class=\"elementor-widget-container\">\n\t\t\t<style>\/*! elementor - v3.17.0 - 25-10-2023 *\/\n.elementor-widget-image{text-align:center}.elementor-widget-image a{display:inline-block}.elementor-widget-image a img[src$=\".svg\"]{width:48px}.elementor-widget-image img{vertical-align:middle;display:inline-block}<\/style>\t\t\t\t\t\t\t\t\t\t\t\t<img fetchpriority=\"high\" decoding=\"async\" width=\"800\" height=\"574\" src=\"https:\/\/spotlaw.com.br\/wp-content\/uploads\/2023\/10\/back-1024x735.png\" class=\"attachment-large size-large wp-image-94\" alt=\"\" srcset=\"https:\/\/spotlaw.com.br\/wp-content\/uploads\/2023\/10\/back-1024x735.png 1024w, https:\/\/spotlaw.com.br\/wp-content\/uploads\/2023\/10\/back-300x215.png 300w, https:\/\/spotlaw.com.br\/wp-content\/uploads\/2023\/10\/back-768x551.png 768w, https:\/\/spotlaw.com.br\/wp-content\/uploads\/2023\/10\/back.png 1462w\" sizes=\"(max-width: 800px) 100vw, 800px\" \/>\t\t\t\t\t\t\t\t\t\t\t\t\t\t\t<\/div>\n\t\t\t\t<\/div>\n\t\t\t\t<div class=\"elementor-element elementor-element-3eb99bf elementor-widget elementor-widget-image\" data-id=\"3eb99bf\" data-element_type=\"widget\" data-widget_type=\"image.default\">\n\t\t\t\t<div class=\"elementor-widget-container\">\n\t\t\t\t\t\t\t\t\t\t\t\t\t\t\t<img decoding=\"async\" width=\"800\" height=\"185\" src=\"https:\/\/spotlaw.com.br\/wp-content\/uploads\/2023\/10\/Logo.svg\" class=\"attachment-large size-large wp-image-58\" alt=\"\" \/>\t\t\t\t\t\t\t\t\t\t\t\t\t\t\t<\/div>\n\t\t\t\t<\/div>\n\t\t\t\t<div class=\"elementor-element elementor-element-029ebe7 elementor-widget elementor-widget-text-editor\" data-id=\"029ebe7\" data-element_type=\"widget\" data-widget_type=\"text-editor.default\">\n\t\t\t\t<div class=\"elementor-widget-container\">\n\t\t\t<style>\/*! elementor - v3.17.0 - 25-10-2023 *\/\n.elementor-widget-text-editor.elementor-drop-cap-view-stacked .elementor-drop-cap{background-color:#69727d;color:#fff}.elementor-widget-text-editor.elementor-drop-cap-view-framed .elementor-drop-cap{color:#69727d;border:3px solid;background-color:transparent}.elementor-widget-text-editor:not(.elementor-drop-cap-view-default) .elementor-drop-cap{margin-top:8px}.elementor-widget-text-editor:not(.elementor-drop-cap-view-default) .elementor-drop-cap-letter{width:1em;height:1em}.elementor-widget-text-editor .elementor-drop-cap{float:left;text-align:center;line-height:1;font-size:50px}.elementor-widget-text-editor .elementor-drop-cap-letter{display:inline-block}<\/style>\t\t\t\t<p>Somos o resultado da <span style=\"color: #0b72fa;\"><b>inova\u00e7\u00e3o e tecnologia <\/b><\/span>aplicada na an\u00e1lise de <span style=\"color: #0b72fa;\"><b>dados jur\u00eddicos<\/b>.<\/span><\/p>\n<p><span style=\"color: #0b72fa;\"><b>Atualizamos diariamente <\/b><\/span>nossa plataforma com <span style=\"color: #0b72fa;\"><b>processos p\u00fablicos <\/b><\/span>capturados em todos os tribunais do Brasil.&nbsp;<\/p><p>S\u00e3o <span style=\"color: #0b72fa;\"><b>milh\u00f5es de demandas<\/b><\/span>, das mais variadas mat\u00e9rias, trabalhadas pelos nossos algoritmos diariamente, <span style=\"color: #0b72fa;\"><b>gerando outras milh\u00f5es de conex\u00f5es entre as entidades processuais.<\/b><\/span><\/p>\n<p>Nossa intelig\u00eancia de dados gera dezenas <span style=\"color: #0b72fa;\"><b>de insights para melhor utiliza\u00e7\u00e3o nas teses processuais<\/b>.<\/span>&nbsp;<\/p><p>Em nossa plataforma, viabilizamos e promovemos a realiza\u00e7\u00e3o de <span style=\"color: #0b72fa;\"><b>benchmarking em real time <\/b><\/span>com as melhores pr\u00e1ticas utilizadas pelos principais players do mercado.<\/p>\t\t\t\t\t\t<\/div>\n\t\t\t\t<\/div>\n\t\t\t\t<div class=\"elementor-element elementor-element-9fcf3b4 elementor-align-left elementor-tablet-align-center elementor-widget elementor-widget-button\" data-id=\"9fcf3b4\" data-element_type=\"widget\" data-widget_type=\"button.default\">\n\t\t\t\t<div class=\"elementor-widget-container\">\n\t\t\t\t\t<div class=\"elementor-button-wrapper\">\n\t\t\t<a class=\"elementor-button elementor-button-link elementor-size-md\" href=\"https:\/\/wa.me\/5531996308626?text=Estava+no+site+da+Spotlaw+e+gostaria+de+mais+informa%C3%A7%C3%B5es\" target=\"_blank\">\n\t\t\t\t\t\t<span class=\"elementor-button-content-wrapper\">\n\t\t\t\t\t\t<span class=\"elementor-button-icon elementor-align-icon-left\">\n\t\t\t\t<svg aria-hidden=\"true\" class=\"e-font-icon-svg e-fab-whatsapp\" viewBox=\"0 0 448 512\" xmlns=\"http:\/\/www.w3.org\/2000\/svg\"><path d=\"M380.9 97.1C339 55.1 283.2 32 223.9 32c-122.4 0-222 99.6-222 222 0 39.1 10.2 77.3 29.6 111L0 480l117.7-30.9c32.4 17.7 68.9 27 106.1 27h.1c122.3 0 224.1-99.6 224.1-222 0-59.3-25.2-115-67.1-157zm-157 341.6c-33.2 0-65.7-8.9-94-25.7l-6.7-4-69.8 18.3L72 359.2l-4.4-7c-18.5-29.4-28.2-63.3-28.2-98.2 0-101.7 82.8-184.5 184.6-184.5 49.3 0 95.6 19.2 130.4 54.1 34.8 34.9 56.2 81.2 56.1 130.5 0 101.8-84.9 184.6-186.6 184.6zm101.2-138.2c-5.5-2.8-32.8-16.2-37.9-18-5.1-1.9-8.8-2.8-12.5 2.8-3.7 5.6-14.3 18-17.6 21.8-3.2 3.7-6.5 4.2-12 1.4-32.6-16.3-54-29.1-75.5-66-5.7-9.8 5.7-9.1 16.3-30.3 1.8-3.7.9-6.9-.5-9.7-1.4-2.8-12.5-30.1-17.1-41.2-4.5-10.8-9.1-9.3-12.5-9.5-3.2-.2-6.9-.2-10.6-.2-3.7 0-9.7 1.4-14.8 6.9-5.1 5.6-19.4 19-19.4 46.3 0 27.3 19.9 53.7 22.6 57.4 2.8 3.7 39.1 59.7 94.8 83.8 35.2 15.2 49 16.5 66.6 13.9 10.7-1.6 32.8-13.4 37.4-26.4 4.6-13 4.6-24.1 3.2-26.4-1.3-2.5-5-3.9-10.5-6.6z\"><\/path><\/svg>\t\t\t<\/span>\n\t\t\t\t\t\t<span class=\"elementor-button-text\">Fale com nossa equipe<\/span>\n\t\t<\/span>\n\t\t\t\t\t<\/a>\n\t\t<\/div>\n\t\t\t\t<\/div>\n\t\t\t\t<\/div>\n\t\t\t\t<\/div>\n\t\t<div class=\"elementor-element elementor-element-f1b02cd e-con-full elementor-hidden-tablet elementor-hidden-mobile e-flex e-con e-child\" data-id=\"f1b02cd\" data-element_type=\"container\" data-settings=\"{&quot;content_width&quot;:&quot;full&quot;}\">\n\t\t\t\t<div class=\"elementor-element elementor-element-2276d78 elementor-widget__width-inherit elementor-widget elementor-widget-image\" data-id=\"2276d78\" data-element_type=\"widget\" data-widget_type=\"image.default\">\n\t\t\t\t<div class=\"elementor-widget-container\">\n\t\t\t\t\t\t\t\t\t\t\t\t\t\t\t<img fetchpriority=\"high\" decoding=\"async\" width=\"800\" height=\"574\" src=\"https:\/\/spotlaw.com.br\/wp-content\/uploads\/2023\/10\/back-1024x735.png\" class=\"attachment-large size-large wp-image-94\" alt=\"\" srcset=\"https:\/\/spotlaw.com.br\/wp-content\/uploads\/2023\/10\/back-1024x735.png 1024w, https:\/\/spotlaw.com.br\/wp-content\/uploads\/2023\/10\/back-300x215.png 300w, https:\/\/spotlaw.com.br\/wp-content\/uploads\/2023\/10\/back-768x551.png 768w, https:\/\/spotlaw.com.br\/wp-content\/uploads\/2023\/10\/back.png 1462w\" sizes=\"(max-width: 800px) 100vw, 800px\" \/>\t\t\t\t\t\t\t\t\t\t\t\t\t\t\t<\/div>\n\t\t\t\t<\/div>\n\t\t\t\t<\/div>\n\t\t\t\t<\/div>\n\t\t\t\t\t\t\t<\/div>\n\t\t","protected":false},"excerpt":{"rendered":"<p>Somos o resultado da inova\u00e7\u00e3o e tecnologia aplicada na an\u00e1lise de dados jur\u00eddicos. Atualizamos diariamente nossa plataforma com processos p\u00fablicos capturados em todos os tribunais do Brasil.&nbsp; S\u00e3o milh\u00f5es de demandas, das mais variadas mat\u00e9rias, trabalhadas pelos nossos algoritmos diariamente, gerando outras milh\u00f5es de conex\u00f5es entre as entidades processuais. Nossa intelig\u00eancia de dados gera dezenas [&hellip;]<\/p>\n","protected":false},"author":2,"featured_media":35,"parent":0,"menu_order":0,"comment_status":"closed","ping_status":"closed","template":"elementor_canvas","meta":{"footnotes":""},"_links":{"self":[{"href":"https:\/\/spotlaw.com.br\/index.php\/wp-json\/wp\/v2\/pages\/43"}],"collection":[{"href":"https:\/\/spotlaw.com.br\/index.php\/wp-json\/wp\/v2\/pages"}],"about":[{"href":"https:\/\/spotlaw.com.br\/index.php\/wp-json\/wp\/v2\/types\/page"}],"author":[{"embeddable":true,"href":"https:\/\/spotlaw.com.br\/index.php\/wp-json\/wp\/v2\/users\/2"}],"replies":[{"embeddable":true,"href":"https:\/\/spotlaw.com.br\/index.php\/wp-json\/wp\/v2\/comments?post=43"}],"version-history":[{"count":103,"href":"https:\/\/spotlaw.com.br\/index.php\/wp-json\/wp\/v2\/pages\/43\/revisions"}],"predecessor-version":[{"id":157,"href":"https:\/\/spotlaw.com.br\/index.php\/wp-json\/wp\/v2\/pages\/43\/revisions\/157"}],"wp:featuredmedia":[{"embeddable":true,"href":"https:\/\/spotlaw.com.br\/index.php\/wp-json\/wp\/v2\/media\/35"}],"wp:attachment":[{"href":"https:\/\/spotlaw.com.br\/index.php\/wp-json\/wp\/v2\/media?parent=43"}],"curies":[{"name":"wp","href":"https:\/\/api.w.org\/{rel}","templated":true}]}}